{"id":531,"date":"2022-10-20T00:00:03","date_gmt":"2022-10-19T22:00:03","guid":{"rendered":"http:\/\/www.woodisgood.com.pl\/?page_id=531"},"modified":"2022-10-20T00:02:02","modified_gmt":"2022-10-19T22:02:02","slug":"bee-4-and-after-aluminium","status":"publish","type":"page","link":"http:\/\/www.woodisgood.com.pl\/pl\/bee-4-and-after-aluminium\/","title":{"rendered":"Bee 4 and after \u201ealuminium\u201d"},"content":{"rendered":"<div id=\"pl-531\"  class=\"panel-layout\" ><div id=\"pg-531-0\"  class=\"panel-grid panel-no-style\" ><div id=\"pgc-531-0-0\"  class=\"panel-grid-cell\" ><div id=\"panel-531-0-0-0\" class=\"so-panel widget widget_sow-headline panel-first-child panel-last-child\" data-index=\"0\" ><div class=\"wow fadeInDown panel-widget-style panel-widget-style-for-531-0-0-0\" data-wow-duration=\"3s\" data-wow-delay=\"1s\" data-wow-offset=\"10\" data-wow-iteration=\"1\" ><div\n\t\t\t\n\t\t\tclass=\"so-widget-sow-headline so-widget-sow-headline-default-b8f6f894b592-531 so-widget-fittext-wrapper\"\n\t\t\t data-fit-text-compressor=\"0.85\"\n\t\t><div class=\"sow-headline-container\">\n\t<h1 class='sow-headline'>Bee 4 and after ALUMINIUM<\/h1>\t\t\t\t\t<div class=\"decoration\">\n\t\t\t\t\t\t<div class=\"decoration-inside\"><\/div>\n\t\t\t\t\t<\/div>\n\t\t\t\t\t<h2 class='sow-sub-headline'>for beolab 4000<\/h2><\/div><\/div><\/div><\/div><\/div><\/div><div id=\"pg-531-1\"  class=\"panel-grid panel-has-style\" ><div class=\"siteorigin-panels-stretch panel-row-style-full-width panel-row-style panel-row-style-for-531-1\" data-stretch-type=\"full-stretched\" ><div id=\"pgc-531-1-0\"  class=\"panel-grid-cell\" ><div id=\"panel-531-1-0-0\" class=\"so-panel widget widget_sow-image panel-first-child panel-last-child\" data-index=\"1\" ><div class=\"wow fadeIn panel-widget-style panel-widget-style-for-531-1-0-0\" data-wow-duration=\"3s\" data-wow-delay=\"2s\" data-wow-offset=\"10\" data-wow-iteration=\"1\" ><div\n\t\t\t\n\t\t\tclass=\"so-widget-sow-image so-widget-sow-image-default-4b231843ec72-531\"\n\t\t\t\n\t\t>\n\n<div class=\"sow-image-container\">\n\t\t<img src=\"http:\/\/www.woodisgood.com.pl\/wp-content\/uploads\/2022\/10\/beo-4_alu_004_1000px.jpg\" width=\"1000\" height=\"1000\" srcset=\"http:\/\/www.woodisgood.com.pl\/wp-content\/uploads\/2022\/10\/beo-4_alu_004_1000px.jpg 1000w, http:\/\/www.woodisgood.com.pl\/wp-content\/uploads\/2022\/10\/beo-4_alu_004_1000px-300x300.jpg 300w, http:\/\/www.woodisgood.com.pl\/wp-content\/uploads\/2022\/10\/beo-4_alu_004_1000px-150x150.jpg 150w, http:\/\/www.woodisgood.com.pl\/wp-content\/uploads\/2022\/10\/beo-4_alu_004_1000px-768x768.jpg 768w, http:\/\/www.woodisgood.com.pl\/wp-content\/uploads\/2022\/10\/beo-4_alu_004_1000px-12x12.jpg 12w\" sizes=\"(max-width: 1000px) 100vw, 1000px\" alt=\"\" loading=\"lazy\" \t\tclass=\"so-widget-image\"\/>\n\t<\/div>\n\n<\/div><\/div><\/div><\/div><div id=\"pgc-531-1-1\"  class=\"panel-grid-cell\" ><div class=\"panel-cell-style panel-cell-style-for-531-1-1\" ><div id=\"panel-531-1-1-0\" class=\"so-panel widget widget_sow-editor panel-first-child\" data-index=\"2\" ><div class=\"wow fadeIn panel-widget-style panel-widget-style-for-531-1-1-0\" data-wow-duration=\"3s\" data-wow-delay=\"2s\" data-wow-offset=\"10\" data-wow-iteration=\"1\" ><div\n\t\t\t\n\t\t\tclass=\"so-widget-sow-editor so-widget-sow-editor-base\"\n\t\t\t\n\t\t>\n<div class=\"siteorigin-widget-tinymce textwidget\">\n\t<div style=\"text-align: center;\">\n<p><span style=\"color: #ffffff;\">Para r\u0119cznie wykonanych d\u0119bowo-alumiowych os\u0142on do g\u0142o\u015bnik\u00f3w B&amp;O beolab 8000.  Zestaw sk\u0142ada si\u0119 z dwu os\u0142on przednich oraz g\u00f3rnych i bocznych za\u015blepek. Kolorystyk\u0119 mo\u017cna wybra\u0107 z przygotowanej przez nas palety kolor\u00f3w, b\u0105d\u017a zam\u00f3wi\u0107 w\u0142asny.<\/span><\/p>\n<p><span style=\"color: #ffffff;\">Wszystkie nasze produkty zosta\u0142y wykonane r\u0119cznie, z niezwyk\u0142\u0105 dba\u0142o\u015bci\u0105 o ka\u017cdy detal. Stosujemy wy\u0142\u0105cznie wysokiej jako\u015bci materia\u0142y z ekologicznie zweryfikowanych \u017ar\u00f3de\u0142. Dbamy o nasz\u0105 planet\u0119. Wszystkie produkty zosta\u0142y wykonane w Polsce.<\/span><\/p>\n<\/div>\n<\/div>\n<\/div><\/div><\/div><div id=\"panel-531-1-1-1\" class=\"so-panel widget widget_sow-button panel-last-child\" data-index=\"3\" ><div class=\"wow fadeIn panel-widget-style panel-widget-style-for-531-1-1-1\" data-wow-duration=\"3s\" data-wow-delay=\"3s\" data-wow-offset=\"10\" data-wow-iteration=\"1\" ><div\n\t\t\t\n\t\t\tclass=\"so-widget-sow-button so-widget-sow-button-flat-77454ed08e40-531\"\n\t\t\t\n\t\t><div class=\"ow-button-base ow-button-align-center\">\n\t<a href=\"mailto:contact@woodisgood.com.pl\" class=\"ow-icon-placement-left ow-button-hover\" \t\t>\n\t\t<span>\n\t\t\t<span class=\"sow-icon-fontawesome sow-far\" data-sow-icon=\"&#xf3d1;\"\n\t\tstyle=\"color: #ffffff\" \n\t\taria-hidden=\"true\"><\/span>\n\t\t\tBeolab 4000 oak\/alu covers - 390 euros\t\t<\/span>\n\t<\/a>\n<\/div>\n<\/div><\/div><\/div><\/div><\/div><\/div><\/div><div id=\"pg-531-2\"  class=\"panel-grid panel-has-style\" ><div class=\"siteorigin-panels-stretch panel-row-style-full-width panel-row-style panel-row-style-for-531-2\" style=\"background-color: #494949; \" data-stretch-type=\"full-stretched\" ><div id=\"pgc-531-2-0\"  class=\"panel-grid-cell\" ><div class=\"panel-cell-style panel-cell-style-for-531-2-0\" ><div id=\"panel-531-2-0-0\" class=\"so-panel widget widget_sow-editor panel-first-child panel-last-child\" data-index=\"4\" ><div class=\"wow fadeIn panel-widget-style panel-widget-style-for-531-2-0-0\" data-wow-duration=\"3s\" data-wow-delay=\"1s\" data-wow-offset=\"10\" data-wow-iteration=\"1\" ><div\n\t\t\t\n\t\t\tclass=\"so-widget-sow-editor so-widget-sow-editor-base\"\n\t\t\t\n\t\t>\n<div class=\"siteorigin-widget-tinymce textwidget\">\n\t<p style=\"text-align: center;\"><span style=\"color: #ffffff;\"><strong>\u0141atwy monta\u017c:<\/strong><\/span><\/p>\n<div style=\"text-align: center;\"><span style=\"color: #ffffff;\">Nasze os\u0142ony zosta\u0142y zaprojektowane w taki spos\u00f3b, aby\u015b nie musia\u0142 traci\u0107 czasu na skomplikowany monta\u017c. W naszych produktach jest on maksymalnie uproszczony.  Czas mo\u017cecie po\u015bwi\u0119ci\u0107 na s\u0142uchanie swojej ulubionej muzyki.\nDo zamontowania naszych os\u0142on nie jest potrzebna \u017cadna modyfikacja produkt\u00f3w Bang &amp; Olufsen. Ich demonta\u017c jest procesem w 100% odwracalnym.<\/span><\/div>\n<\/div>\n<\/div><\/div><\/div><\/div><\/div><div id=\"pgc-531-2-1\"  class=\"panel-grid-cell\" ><div class=\"panel-cell-style panel-cell-style-for-531-2-1\" ><div id=\"panel-531-2-1-0\" class=\"so-panel widget widget_sow-image panel-first-child panel-last-child\" data-index=\"5\" ><div class=\"wow fadeIn panel-widget-style panel-widget-style-for-531-2-1-0\" data-wow-duration=\"3s\" data-wow-delay=\"1s\" data-wow-offset=\"10\" data-wow-iteration=\"1\" ><div\n\t\t\t\n\t\t\tclass=\"so-widget-sow-image so-widget-sow-image-default-4b231843ec72-531\"\n\t\t\t\n\t\t>\n\n<div class=\"sow-image-container\">\n\t\t<img src=\"http:\/\/www.woodisgood.com.pl\/wp-content\/uploads\/2022\/10\/beo-4_alu_002_1000px.jpg\" width=\"1000\" height=\"1000\" srcset=\"http:\/\/www.woodisgood.com.pl\/wp-content\/uploads\/2022\/10\/beo-4_alu_002_1000px.jpg 1000w, http:\/\/www.woodisgood.com.pl\/wp-content\/uploads\/2022\/10\/beo-4_alu_002_1000px-300x300.jpg 300w, http:\/\/www.woodisgood.com.pl\/wp-content\/uploads\/2022\/10\/beo-4_alu_002_1000px-150x150.jpg 150w, http:\/\/www.woodisgood.com.pl\/wp-content\/uploads\/2022\/10\/beo-4_alu_002_1000px-768x768.jpg 768w, http:\/\/www.woodisgood.com.pl\/wp-content\/uploads\/2022\/10\/beo-4_alu_002_1000px-12x12.jpg 12w\" sizes=\"(max-width: 1000px) 100vw, 1000px\" alt=\"\" loading=\"lazy\" \t\tclass=\"so-widget-image\"\/>\n\t<\/div>\n\n<\/div><\/div><\/div><\/div><\/div><\/div><\/div><div id=\"pg-531-3\"  class=\"panel-grid panel-has-style\" ><div class=\"siteorigin-panels-stretch panel-row-style-full-width panel-row-style panel-row-style-for-531-3\" style=\"background-color: #a0a0a0; \" data-stretch-type=\"full-stretched\" ><div id=\"pgc-531-3-0\"  class=\"panel-grid-cell\" ><div id=\"panel-531-3-0-0\" class=\"so-panel widget widget_sow-image panel-first-child panel-last-child\" data-index=\"6\" ><div class=\"wow fadeIn panel-widget-style panel-widget-style-for-531-3-0-0\" data-wow-duration=\"3s\" data-wow-delay=\"1s\" data-wow-offset=\"10\" data-wow-iteration=\"1\" ><div\n\t\t\t\n\t\t\tclass=\"so-widget-sow-image so-widget-sow-image-default-4b231843ec72-531\"\n\t\t\t\n\t\t>\n\n<div class=\"sow-image-container\">\n\t\t<img src=\"http:\/\/www.woodisgood.com.pl\/wp-content\/uploads\/2022\/10\/beo-4_alu_003_1000px.jpg\" width=\"1000\" height=\"1000\" srcset=\"http:\/\/www.woodisgood.com.pl\/wp-content\/uploads\/2022\/10\/beo-4_alu_003_1000px.jpg 1000w, http:\/\/www.woodisgood.com.pl\/wp-content\/uploads\/2022\/10\/beo-4_alu_003_1000px-300x300.jpg 300w, http:\/\/www.woodisgood.com.pl\/wp-content\/uploads\/2022\/10\/beo-4_alu_003_1000px-150x150.jpg 150w, http:\/\/www.woodisgood.com.pl\/wp-content\/uploads\/2022\/10\/beo-4_alu_003_1000px-768x768.jpg 768w, http:\/\/www.woodisgood.com.pl\/wp-content\/uploads\/2022\/10\/beo-4_alu_003_1000px-12x12.jpg 12w\" sizes=\"(max-width: 1000px) 100vw, 1000px\" alt=\"\" loading=\"lazy\" \t\tclass=\"so-widget-image\"\/>\n\t<\/div>\n\n<\/div><\/div><\/div><\/div><div id=\"pgc-531-3-1\"  class=\"panel-grid-cell\" ><div class=\"panel-cell-style panel-cell-style-for-531-3-1\" ><div id=\"panel-531-3-1-0\" class=\"so-panel widget widget_sow-image panel-first-child panel-last-child\" data-index=\"7\" ><div class=\"wow fadeIn panel-widget-style panel-widget-style-for-531-3-1-0\" data-wow-duration=\"3s\" data-wow-delay=\"1s\" data-wow-offset=\"10\" data-wow-iteration=\"1\" ><div\n\t\t\t\n\t\t\tclass=\"so-widget-sow-image so-widget-sow-image-default-4b231843ec72-531\"\n\t\t\t\n\t\t>\n\n<div class=\"sow-image-container\">\n\t\t<img src=\"http:\/\/www.woodisgood.com.pl\/wp-content\/uploads\/2022\/10\/beo-4_alu_001_1000px.jpg\" width=\"1000\" height=\"1000\" srcset=\"http:\/\/www.woodisgood.com.pl\/wp-content\/uploads\/2022\/10\/beo-4_alu_001_1000px.jpg 1000w, http:\/\/www.woodisgood.com.pl\/wp-content\/uploads\/2022\/10\/beo-4_alu_001_1000px-300x300.jpg 300w, http:\/\/www.woodisgood.com.pl\/wp-content\/uploads\/2022\/10\/beo-4_alu_001_1000px-150x150.jpg 150w, http:\/\/www.woodisgood.com.pl\/wp-content\/uploads\/2022\/10\/beo-4_alu_001_1000px-768x768.jpg 768w, http:\/\/www.woodisgood.com.pl\/wp-content\/uploads\/2022\/10\/beo-4_alu_001_1000px-12x12.jpg 12w\" sizes=\"(max-width: 1000px) 100vw, 1000px\" alt=\"\" loading=\"lazy\" \t\tclass=\"so-widget-image\"\/>\n\t<\/div>\n\n<\/div><\/div><\/div><\/div><\/div><div id=\"pgc-531-3-2\"  class=\"panel-grid-cell\" ><div class=\"panel-cell-style panel-cell-style-for-531-3-2\" ><div id=\"panel-531-3-2-0\" class=\"so-panel widget widget_sow-button panel-first-child panel-last-child\" data-index=\"8\" ><div class=\"wow fadeIn panel-widget-style panel-widget-style-for-531-3-2-0\" data-wow-duration=\"3s\" data-wow-delay=\"1s\" data-wow-offset=\"10\" data-wow-iteration=\"1\" ><div\n\t\t\t\n\t\t\tclass=\"so-widget-sow-button so-widget-sow-button-flat-d07a714c1915-531\"\n\t\t\t\n\t\t><div class=\"ow-button-base ow-button-align-center\">\n\t<a href=\"http:\/\/www.woodisgood.com.pl\/pl\/glowna\/\" class=\"ow-icon-placement-top ow-button-hover\" \t\t>\n\t\t<span>\n\t\t\t<span class=\"sow-icon-fontawesome sow-far\" data-sow-icon=\"&#xf359;\"\n\t\tstyle=\"color: #000000\" \n\t\taria-hidden=\"true\"><\/span>\n\t\t\tPowr\u00f3t\t\t<\/span>\n\t<\/a>\n<\/div>\n<\/div><\/div><\/div><\/div><\/div><\/div><\/div><\/div>","protected":false},"excerpt":{"rendered":"<p>Handmade oak-aluminium covers for beolab 8000 speakers. The set comes with a pair of covers, side and top blinds. Possibility to choose colors from a palette or any color. The wood finish is available in smoked or natural oak. Other color and material combinations to match your decor are available on request. All of our [&hellip;]<\/p>","protected":false},"author":1,"featured_media":0,"parent":0,"menu_order":0,"comment_status":"closed","ping_status":"closed","template":"","meta":[],"_links":{"self":[{"href":"http:\/\/www.woodisgood.com.pl\/pl\/wp-json\/wp\/v2\/pages\/531"}],"collection":[{"href":"http:\/\/www.woodisgood.com.pl\/pl\/wp-json\/wp\/v2\/pages"}],"about":[{"href":"http:\/\/www.woodisgood.com.pl\/pl\/wp-json\/wp\/v2\/types\/page"}],"author":[{"embeddable":true,"href":"http:\/\/www.woodisgood.com.pl\/pl\/wp-json\/wp\/v2\/users\/1"}],"replies":[{"embeddable":true,"href":"http:\/\/www.woodisgood.com.pl\/pl\/wp-json\/wp\/v2\/comments?post=531"}],"version-history":[{"count":6,"href":"http:\/\/www.woodisgood.com.pl\/pl\/wp-json\/wp\/v2\/pages\/531\/revisions"}],"predecessor-version":[{"id":542,"href":"http:\/\/www.woodisgood.com.pl\/pl\/wp-json\/wp\/v2\/pages\/531\/revisions\/542"}],"wp:attachment":[{"href":"http:\/\/www.woodisgood.com.pl\/pl\/wp-json\/wp\/v2\/media?parent=531"}],"curies":[{"name":"wp","href":"https:\/\/api.w.org\/{rel}","templated":true}]}}