{"id":371,"date":"2021-12-20T22:30:30","date_gmt":"2021-12-20T21:30:30","guid":{"rendered":"http:\/\/www.woodisgood.com.pl\/?page_id=371"},"modified":"2022-03-11T10:32:26","modified_gmt":"2022-03-11T09:32:26","slug":"bee-8-is-great-lens","status":"publish","type":"page","link":"http:\/\/www.woodisgood.com.pl\/pl\/bee-8-is-great-lens\/","title":{"rendered":"Bee 8 is great &#8211; lens"},"content":{"rendered":"<div id=\"pl-371\"  class=\"panel-layout\" ><div id=\"pg-371-0\"  class=\"panel-grid panel-no-style\" ><div id=\"pgc-371-0-0\"  class=\"panel-grid-cell\" ><div id=\"panel-371-0-0-0\" class=\"so-panel widget widget_sow-headline panel-first-child panel-last-child\" data-index=\"0\" ><div class=\"wow fadeInDown panel-widget-style panel-widget-style-for-371-0-0-0\" data-wow-duration=\"3s\" data-wow-delay=\"1s\" data-wow-offset=\"10\" data-wow-iteration=\"1\" ><div\n\t\t\t\n\t\t\tclass=\"so-widget-sow-headline so-widget-sow-headline-default-b8f6f894b592-371 so-widget-fittext-wrapper\"\n\t\t\t data-fit-text-compressor=\"0.85\"\n\t\t><div class=\"sow-headline-container\">\n\t<h1 class='sow-headline'>Bee 8 is great - Lens<\/h1>\t\t\t\t\t<div class=\"decoration\">\n\t\t\t\t\t\t<div class=\"decoration-inside\"><\/div>\n\t\t\t\t\t<\/div>\n\t\t\t\t\t<h2 class='sow-sub-headline'>dla beolab 8000<\/h2><\/div><\/div><\/div><\/div><\/div><\/div><div id=\"pg-371-1\"  class=\"panel-grid panel-has-style\" ><div class=\"siteorigin-panels-stretch panel-row-style-full-width panel-row-style panel-row-style-for-371-1\" data-stretch-type=\"full-stretched\" ><div id=\"pgc-371-1-0\"  class=\"panel-grid-cell\" ><div id=\"panel-371-1-0-0\" class=\"so-panel widget widget_sow-image panel-first-child panel-last-child\" data-index=\"1\" ><div class=\"wow fadeIn panel-widget-style panel-widget-style-for-371-1-0-0\" data-wow-duration=\"3s\" data-wow-delay=\"2s\" data-wow-offset=\"10\" data-wow-iteration=\"1\" ><div\n\t\t\t\n\t\t\tclass=\"so-widget-sow-image so-widget-sow-image-default-4b231843ec72-371\"\n\t\t\t\n\t\t>\n\n<div class=\"sow-image-container\">\n\t\t<img src=\"http:\/\/www.woodisgood.com.pl\/wp-content\/uploads\/2021\/12\/beo-8_lens_002_800px.jpg\" width=\"800\" height=\"800\" srcset=\"http:\/\/www.woodisgood.com.pl\/wp-content\/uploads\/2021\/12\/beo-8_lens_002_800px.jpg 800w, http:\/\/www.woodisgood.com.pl\/wp-content\/uploads\/2021\/12\/beo-8_lens_002_800px-300x300.jpg 300w, http:\/\/www.woodisgood.com.pl\/wp-content\/uploads\/2021\/12\/beo-8_lens_002_800px-150x150.jpg 150w, http:\/\/www.woodisgood.com.pl\/wp-content\/uploads\/2021\/12\/beo-8_lens_002_800px-768x768.jpg 768w, http:\/\/www.woodisgood.com.pl\/wp-content\/uploads\/2021\/12\/beo-8_lens_002_800px-12x12.jpg 12w\" sizes=\"(max-width: 800px) 100vw, 800px\" alt=\"\" loading=\"lazy\" \t\tclass=\"so-widget-image\"\/>\n\t<\/div>\n\n<\/div><\/div><\/div><\/div><div id=\"pgc-371-1-1\"  class=\"panel-grid-cell\" ><div class=\"panel-cell-style panel-cell-style-for-371-1-1\" ><div id=\"panel-371-1-1-0\" class=\"so-panel widget widget_sow-editor panel-first-child\" data-index=\"2\" ><div class=\"wow fadeIn panel-widget-style panel-widget-style-for-371-1-1-0\" data-wow-duration=\"3s\" data-wow-delay=\"2s\" data-wow-offset=\"10\" data-wow-iteration=\"1\" ><div\n\t\t\t\n\t\t\tclass=\"so-widget-sow-editor so-widget-sow-editor-base\"\n\t\t\t\n\t\t>\n<div class=\"siteorigin-widget-tinymce textwidget\">\n\t<div style=\"text-align: center;\">\n<p><span style=\"color: #ffffff;\">Para soczewek akustycznych wykonana z r\u0119cznie polerowanego aluminium. Jest to zestaw dla g\u0142o\u015bnika wysokotonowego beolab 8000, montowany na jego g\u00f3rnej cz\u0119\u015bci. W komplecie wszystkie elementy niezb\u0119dne do monta\u017cu urz\u0105dzenia. Soczewki czyni\u0105 wygl\u0105d g\u0142o\u015bnika jeszcze efektowniejszym oraz poprawiaj\u0105 jako\u015b\u0107\u00a0d\u017awi\u0119ku.<\/span><\/p>\n<p><span style=\"color: #ffffff;\">Wszystkie nasze produkty zosta\u0142y wykonane r\u0119cznie, z niezwyk\u0142\u0105 dba\u0142o\u015bci\u0105 o ka\u017cdy detal. Stosujemy wy\u0142\u0105cznie wysokiej jako\u015bci materia\u0142y z ekologicznie zweryfikowanych \u017ar\u00f3de\u0142. Dbamy o nasz\u0105 planet\u0119. Wszystkie produkty zosta\u0142y wykonane w Polsce.<\/span><\/p>\n<\/div>\n<\/div>\n<\/div><\/div><\/div><div id=\"panel-371-1-1-1\" class=\"so-panel widget widget_sow-button panel-last-child\" data-index=\"3\" ><div class=\"wow fadeIn panel-widget-style panel-widget-style-for-371-1-1-1\" data-wow-duration=\"3s\" data-wow-delay=\"3s\" data-wow-offset=\"10\" data-wow-iteration=\"1\" ><div\n\t\t\t\n\t\t\tclass=\"so-widget-sow-button so-widget-sow-button-flat-77454ed08e40-371\"\n\t\t\t\n\t\t><div class=\"ow-button-base ow-button-align-center\">\n\t<a href=\"mailto:contact@woodisgood.com.pl\" class=\"ow-icon-placement-left ow-button-hover\" \t\t>\n\t\t<span>\n\t\t\t<span class=\"sow-icon-fontawesome sow-far\" data-sow-icon=\"&#xf3d1;\"\n\t\tstyle=\"color: #ffffff\" \n\t\taria-hidden=\"true\"><\/span>\n\t\t\tBeolab 8000 lens kit - 450 euros\t\t<\/span>\n\t<\/a>\n<\/div>\n<\/div><\/div><\/div><\/div><\/div><\/div><\/div><div id=\"pg-371-2\"  class=\"panel-grid panel-has-style\" ><div class=\"siteorigin-panels-stretch panel-row-style-full-width panel-row-style panel-row-style-for-371-2\" style=\"background-color: #494949; \" data-stretch-type=\"full-stretched\" ><div id=\"pgc-371-2-0\"  class=\"panel-grid-cell\" ><div class=\"panel-cell-style panel-cell-style-for-371-2-0\" ><div id=\"panel-371-2-0-0\" class=\"so-panel widget widget_sow-editor panel-first-child panel-last-child\" data-index=\"4\" ><div class=\"wow fadeIn panel-widget-style panel-widget-style-for-371-2-0-0\" data-wow-duration=\"3s\" data-wow-delay=\"1s\" data-wow-offset=\"10\" data-wow-iteration=\"1\" ><div\n\t\t\t\n\t\t\tclass=\"so-widget-sow-editor so-widget-sow-editor-base\"\n\t\t\t\n\t\t>\n<div class=\"siteorigin-widget-tinymce textwidget\">\n\t<p style=\"text-align: center;\"><strong><span style=\"color: #ffffff;\">\u0141atwy monta\u017c:<\/span><\/strong><\/p>\n<div style=\"text-align: center;\"><span style=\"color: #ffffff;\"><span lang=\"EN-US\">Our lenses are designed in a way that avoids you wasting time on assembly, letting you spend it on listening to your favourite music instead. It\u2019s wonderfully simple. Mounting does not damage the speaker, neither does it require modifications to it. Unmounting of covers is 100% reversible<\/span>.<\/span><\/div>\n<\/div>\n<\/div><\/div><\/div><\/div><\/div><div id=\"pgc-371-2-1\"  class=\"panel-grid-cell\" ><div class=\"panel-cell-style panel-cell-style-for-371-2-1\" ><div id=\"panel-371-2-1-0\" class=\"so-panel widget widget_sow-image panel-first-child panel-last-child\" data-index=\"5\" ><div class=\"wow fadeIn panel-widget-style panel-widget-style-for-371-2-1-0\" data-wow-duration=\"3s\" data-wow-delay=\"1s\" data-wow-offset=\"10\" data-wow-iteration=\"1\" ><div\n\t\t\t\n\t\t\tclass=\"so-widget-sow-image so-widget-sow-image-default-4b231843ec72-371\"\n\t\t\t\n\t\t>\n\n<div class=\"sow-image-container\">\n\t\t<img src=\"http:\/\/www.woodisgood.com.pl\/wp-content\/uploads\/2021\/12\/beo-8_lens_003_800px.jpg\" width=\"800\" height=\"800\" srcset=\"http:\/\/www.woodisgood.com.pl\/wp-content\/uploads\/2021\/12\/beo-8_lens_003_800px.jpg 800w, http:\/\/www.woodisgood.com.pl\/wp-content\/uploads\/2021\/12\/beo-8_lens_003_800px-300x300.jpg 300w, http:\/\/www.woodisgood.com.pl\/wp-content\/uploads\/2021\/12\/beo-8_lens_003_800px-150x150.jpg 150w, http:\/\/www.woodisgood.com.pl\/wp-content\/uploads\/2021\/12\/beo-8_lens_003_800px-768x768.jpg 768w, http:\/\/www.woodisgood.com.pl\/wp-content\/uploads\/2021\/12\/beo-8_lens_003_800px-12x12.jpg 12w\" sizes=\"(max-width: 800px) 100vw, 800px\" alt=\"\" loading=\"lazy\" \t\tclass=\"so-widget-image\"\/>\n\t<\/div>\n\n<\/div><\/div><\/div><\/div><\/div><\/div><\/div><div id=\"pg-371-3\"  class=\"panel-grid panel-has-style\" ><div class=\"siteorigin-panels-stretch panel-row-style-full-width panel-row-style panel-row-style-for-371-3\" style=\"background-color: #a0a0a0; \" data-stretch-type=\"full-stretched\" ><div id=\"pgc-371-3-0\"  class=\"panel-grid-cell\" ><div id=\"panel-371-3-0-0\" class=\"so-panel widget widget_sow-image panel-first-child panel-last-child\" data-index=\"6\" ><div class=\"wow fadeIn panel-widget-style panel-widget-style-for-371-3-0-0\" data-wow-duration=\"3s\" data-wow-delay=\"1s\" data-wow-offset=\"10\" data-wow-iteration=\"1\" ><div\n\t\t\t\n\t\t\tclass=\"so-widget-sow-image so-widget-sow-image-default-4b231843ec72-371\"\n\t\t\t\n\t\t>\n\n<div class=\"sow-image-container\">\n\t\t<img src=\"http:\/\/www.woodisgood.com.pl\/wp-content\/uploads\/2021\/12\/beo-8_lens_004_800px.jpg\" width=\"800\" height=\"800\" srcset=\"http:\/\/www.woodisgood.com.pl\/wp-content\/uploads\/2021\/12\/beo-8_lens_004_800px.jpg 800w, http:\/\/www.woodisgood.com.pl\/wp-content\/uploads\/2021\/12\/beo-8_lens_004_800px-300x300.jpg 300w, http:\/\/www.woodisgood.com.pl\/wp-content\/uploads\/2021\/12\/beo-8_lens_004_800px-150x150.jpg 150w, http:\/\/www.woodisgood.com.pl\/wp-content\/uploads\/2021\/12\/beo-8_lens_004_800px-768x768.jpg 768w, http:\/\/www.woodisgood.com.pl\/wp-content\/uploads\/2021\/12\/beo-8_lens_004_800px-12x12.jpg 12w\" sizes=\"(max-width: 800px) 100vw, 800px\" alt=\"\" loading=\"lazy\" \t\tclass=\"so-widget-image\"\/>\n\t<\/div>\n\n<\/div><\/div><\/div><\/div><div id=\"pgc-371-3-1\"  class=\"panel-grid-cell\" ><div class=\"panel-cell-style panel-cell-style-for-371-3-1\" ><div id=\"panel-371-3-1-0\" class=\"so-panel widget widget_sow-image panel-first-child panel-last-child\" data-index=\"7\" ><div class=\"wow fadeIn panel-widget-style panel-widget-style-for-371-3-1-0\" data-wow-duration=\"3s\" data-wow-delay=\"1s\" data-wow-offset=\"10\" data-wow-iteration=\"1\" ><div\n\t\t\t\n\t\t\tclass=\"so-widget-sow-image so-widget-sow-image-default-4b231843ec72-371\"\n\t\t\t\n\t\t>\n\n<div class=\"sow-image-container\">\n\t\t<img src=\"http:\/\/www.woodisgood.com.pl\/wp-content\/uploads\/2021\/12\/beo-8_lens_001_800px.jpg\" width=\"800\" height=\"800\" srcset=\"http:\/\/www.woodisgood.com.pl\/wp-content\/uploads\/2021\/12\/beo-8_lens_001_800px.jpg 800w, http:\/\/www.woodisgood.com.pl\/wp-content\/uploads\/2021\/12\/beo-8_lens_001_800px-300x300.jpg 300w, http:\/\/www.woodisgood.com.pl\/wp-content\/uploads\/2021\/12\/beo-8_lens_001_800px-150x150.jpg 150w, http:\/\/www.woodisgood.com.pl\/wp-content\/uploads\/2021\/12\/beo-8_lens_001_800px-768x768.jpg 768w, http:\/\/www.woodisgood.com.pl\/wp-content\/uploads\/2021\/12\/beo-8_lens_001_800px-12x12.jpg 12w\" sizes=\"(max-width: 800px) 100vw, 800px\" alt=\"\" loading=\"lazy\" \t\tclass=\"so-widget-image\"\/>\n\t<\/div>\n\n<\/div><\/div><\/div><\/div><\/div><div id=\"pgc-371-3-2\"  class=\"panel-grid-cell\" ><div class=\"panel-cell-style panel-cell-style-for-371-3-2\" ><div id=\"panel-371-3-2-0\" class=\"so-panel widget widget_sow-button panel-first-child panel-last-child\" data-index=\"8\" ><div class=\"wow fadeIn panel-widget-style panel-widget-style-for-371-3-2-0\" data-wow-duration=\"3s\" data-wow-delay=\"1s\" data-wow-offset=\"10\" data-wow-iteration=\"1\" ><div\n\t\t\t\n\t\t\tclass=\"so-widget-sow-button so-widget-sow-button-flat-d07a714c1915-371\"\n\t\t\t\n\t\t><div class=\"ow-button-base ow-button-align-center\">\n\t<a href=\"http:\/\/www.woodisgood.com.pl\/pl\/glowna\/\" class=\"ow-icon-placement-top ow-button-hover\" \t\t>\n\t\t<span>\n\t\t\t<span class=\"sow-icon-fontawesome sow-far\" data-sow-icon=\"&#xf359;\"\n\t\tstyle=\"color: #000000\" \n\t\taria-hidden=\"true\"><\/span>\n\t\t\tPowr\u00f3t\t\t<\/span>\n\t<\/a>\n<\/div>\n<\/div><\/div><\/div><\/div><\/div><\/div><\/div><\/div>","protected":false},"excerpt":{"rendered":"<p>Pair of acoustic lenses made fully out of aluminium and hand polished. The set contains everything required to mount the lenses. It is a full set, allowing for mounting tweeters in the top part of beolab 8000. The lenses greatly improve the speakers appearance and the acoustic experience. All of our products are handmade with [&hellip;]<\/p>","protected":false},"author":1,"featured_media":0,"parent":0,"menu_order":0,"comment_status":"closed","ping_status":"closed","template":"","meta":[],"_links":{"self":[{"href":"http:\/\/www.woodisgood.com.pl\/pl\/wp-json\/wp\/v2\/pages\/371"}],"collection":[{"href":"http:\/\/www.woodisgood.com.pl\/pl\/wp-json\/wp\/v2\/pages"}],"about":[{"href":"http:\/\/www.woodisgood.com.pl\/pl\/wp-json\/wp\/v2\/types\/page"}],"author":[{"embeddable":true,"href":"http:\/\/www.woodisgood.com.pl\/pl\/wp-json\/wp\/v2\/users\/1"}],"replies":[{"embeddable":true,"href":"http:\/\/www.woodisgood.com.pl\/pl\/wp-json\/wp\/v2\/comments?post=371"}],"version-history":[{"count":8,"href":"http:\/\/www.woodisgood.com.pl\/pl\/wp-json\/wp\/v2\/pages\/371\/revisions"}],"predecessor-version":[{"id":440,"href":"http:\/\/www.woodisgood.com.pl\/pl\/wp-json\/wp\/v2\/pages\/371\/revisions\/440"}],"wp:attachment":[{"href":"http:\/\/www.woodisgood.com.pl\/pl\/wp-json\/wp\/v2\/media?parent=371"}],"curies":[{"name":"wp","href":"https:\/\/api.w.org\/{rel}","templated":true}]}}