{"id":331,"date":"2021-12-12T01:20:08","date_gmt":"2021-12-12T00:20:08","guid":{"rendered":"http:\/\/www.woodisgood.com.pl\/?page_id=331"},"modified":"2022-03-11T10:34:36","modified_gmt":"2022-03-11T09:34:36","slug":"bee-9-is-divine","status":"publish","type":"page","link":"http:\/\/www.woodisgood.com.pl\/pl\/bee-9-is-divine\/","title":{"rendered":"Bee 9 is divine"},"content":{"rendered":"<div id=\"pl-331\"  class=\"panel-layout\" ><div id=\"pg-331-0\"  class=\"panel-grid panel-no-style\" ><div id=\"pgc-331-0-0\"  class=\"panel-grid-cell\" ><div id=\"panel-331-0-0-0\" class=\"so-panel widget widget_sow-headline panel-first-child panel-last-child\" data-index=\"0\" ><div class=\"wow fadeInDown panel-widget-style panel-widget-style-for-331-0-0-0\" data-wow-duration=\"3s\" data-wow-delay=\"1s\" data-wow-offset=\"10\" data-wow-iteration=\"1\" ><div\n\t\t\t\n\t\t\tclass=\"so-widget-sow-headline so-widget-sow-headline-default-b8f6f894b592-331 so-widget-fittext-wrapper\"\n\t\t\t data-fit-text-compressor=\"0.85\"\n\t\t><div class=\"sow-headline-container\">\n\t<h1 class='sow-headline'>Bee 9 is divine<\/h1>\t\t\t\t\t<div class=\"decoration\">\n\t\t\t\t\t\t<div class=\"decoration-inside\"><\/div>\n\t\t\t\t\t<\/div>\n\t\t\t\t\t<h2 class='sow-sub-headline'>dla beosound 9000<\/h2><\/div><\/div><\/div><\/div><\/div><\/div><div id=\"pg-331-1\"  class=\"panel-grid panel-has-style\" ><div class=\"siteorigin-panels-stretch panel-row-style-full-width panel-row-style panel-row-style-for-331-1\" data-stretch-type=\"full-stretched\" ><div id=\"pgc-331-1-0\"  class=\"panel-grid-cell\" ><div id=\"panel-331-1-0-0\" class=\"so-panel widget widget_sow-image panel-first-child panel-last-child\" data-index=\"1\" ><div class=\"wow fadeIn panel-widget-style panel-widget-style-for-331-1-0-0\" data-wow-duration=\"3s\" data-wow-delay=\"2s\" data-wow-offset=\"10\" data-wow-iteration=\"1\" ><div\n\t\t\t\n\t\t\tclass=\"so-widget-sow-image so-widget-sow-image-default-4b231843ec72-331\"\n\t\t\t\n\t\t>\n\n<div class=\"sow-image-container\">\n\t\t<img src=\"http:\/\/www.woodisgood.com.pl\/wp-content\/uploads\/2021\/12\/beo-9_wood_001_800px.jpg\" width=\"2000\" height=\"2000\" srcset=\"http:\/\/www.woodisgood.com.pl\/wp-content\/uploads\/2021\/12\/beo-9_wood_001_800px.jpg 2000w, http:\/\/www.woodisgood.com.pl\/wp-content\/uploads\/2021\/12\/beo-9_wood_001_800px-300x300.jpg 300w, http:\/\/www.woodisgood.com.pl\/wp-content\/uploads\/2021\/12\/beo-9_wood_001_800px-1024x1024.jpg 1024w, http:\/\/www.woodisgood.com.pl\/wp-content\/uploads\/2021\/12\/beo-9_wood_001_800px-150x150.jpg 150w, http:\/\/www.woodisgood.com.pl\/wp-content\/uploads\/2021\/12\/beo-9_wood_001_800px-768x768.jpg 768w, http:\/\/www.woodisgood.com.pl\/wp-content\/uploads\/2021\/12\/beo-9_wood_001_800px-1536x1536.jpg 1536w, http:\/\/www.woodisgood.com.pl\/wp-content\/uploads\/2021\/12\/beo-9_wood_001_800px-12x12.jpg 12w\" sizes=\"(max-width: 2000px) 100vw, 2000px\" alt=\"\" loading=\"lazy\" \t\tclass=\"so-widget-image\"\/>\n\t<\/div>\n\n<\/div><\/div><\/div><\/div><div id=\"pgc-331-1-1\"  class=\"panel-grid-cell\" ><div class=\"panel-cell-style panel-cell-style-for-331-1-1\" ><div id=\"panel-331-1-1-0\" class=\"so-panel widget widget_sow-editor panel-first-child\" data-index=\"2\" ><div class=\"wow fadeIn panel-widget-style panel-widget-style-for-331-1-1-0\" data-wow-duration=\"3s\" data-wow-delay=\"2s\" data-wow-offset=\"10\" data-wow-iteration=\"1\" ><div\n\t\t\t\n\t\t\tclass=\"so-widget-sow-editor so-widget-sow-editor-base\"\n\t\t\t\n\t\t>\n<div class=\"siteorigin-widget-tinymce textwidget\">\n\t<div style=\"text-align: center;\">\n<p><span style=\"color: #ffffff;\">R\u0119cznie wykonana os\u0142ona z drewna d\u0119bowego. Pasuje do odtwarzacza B&amp;O beosound 9000. W komplecie os\u0142ona sta\u0142a oraz otwierana. Mo\u017cliwo\u015b\u0107 wyko\u0144czenia drewna w kolorze z przygotowanej przez nas palety, b\u0105d\u017a dobrania dowolnego koloru na zam\u00f3wienie.<\/span><\/p>\n<p><span style=\"color: #ffffff;\">Wszystkie nasze produkty zosta\u0142y wykonane r\u0119cznie, z niezwyk\u0142\u0105 dba\u0142o\u015bci\u0105 o ka\u017cdy detal. Stosujemy wy\u0142\u0105cznie wysokiej jako\u015bci materia\u0142y z ekologicznie zweryfikowanych \u017ar\u00f3de\u0142. Dbamy o nasz\u0105 planet\u0119. Wszystkie produkty zosta\u0142y wykonane w Polsce.<\/span><\/p>\n<\/div>\n<\/div>\n<\/div><\/div><\/div><div id=\"panel-331-1-1-1\" class=\"so-panel widget widget_sow-button panel-last-child\" data-index=\"3\" ><div class=\"wow fadeIn panel-widget-style panel-widget-style-for-331-1-1-1\" data-wow-duration=\"3s\" data-wow-delay=\"3s\" data-wow-offset=\"10\" data-wow-iteration=\"1\" ><div\n\t\t\t\n\t\t\tclass=\"so-widget-sow-button so-widget-sow-button-flat-77454ed08e40-331\"\n\t\t\t\n\t\t><div class=\"ow-button-base ow-button-align-center\">\n\t<a href=\"mailto:contact@woodisgood.com.pl\" class=\"ow-icon-placement-left ow-button-hover\" \t\t>\n\t\t<span>\n\t\t\t<span class=\"sow-icon-fontawesome sow-far\" data-sow-icon=\"&#xf3d1;\"\n\t\tstyle=\"color: #ffffff\" \n\t\taria-hidden=\"true\"><\/span>\n\t\t\tBeosound 9000 oak - 260 euro\t\t<\/span>\n\t<\/a>\n<\/div>\n<\/div><\/div><\/div><\/div><\/div><\/div><\/div><div id=\"pg-331-2\"  class=\"panel-grid panel-has-style\" ><div class=\"siteorigin-panels-stretch panel-row-style-full-width panel-row-style panel-row-style-for-331-2\" style=\"background-color: #494949; \" data-stretch-type=\"full-stretched\" ><div id=\"pgc-331-2-0\"  class=\"panel-grid-cell\" ><div class=\"panel-cell-style panel-cell-style-for-331-2-0\" ><div id=\"panel-331-2-0-0\" class=\"so-panel widget widget_sow-editor panel-first-child panel-last-child\" data-index=\"4\" ><div class=\"wow fadeIn panel-widget-style panel-widget-style-for-331-2-0-0\" data-wow-duration=\"3s\" data-wow-delay=\"1s\" data-wow-offset=\"10\" data-wow-iteration=\"1\" ><div\n\t\t\t\n\t\t\tclass=\"so-widget-sow-editor so-widget-sow-editor-base\"\n\t\t\t\n\t\t>\n<div class=\"siteorigin-widget-tinymce textwidget\">\n\t<p style=\"text-align: center;\"><strong><span style=\"color: #ffffff;\">\u0141atwy monta\u017c:<\/span><\/strong><\/p>\n<p style=\"text-align: center;\"><span style=\"color: #ffffff;\">Nasze os\u0142ony zosta\u0142y zaprojektowane w taki spos\u00f3b, aby\u015b nie musia\u0142 traci\u0107 czasu na skomplikowany monta\u017c. W naszych produktach jest on maksymalnie uproszczony.  Czas mo\u017cecie po\u015bwi\u0119ci\u0107 na s\u0142uchanie swojej ulubionej muzyki.\nDo zamontowania naszych os\u0142on nie jest potrzebna \u017cadna modyfikacja produkt\u00f3w Bang &amp; Olufsen. Ich demonta\u017c jest procesem w 100% odwracalnym.<\/span><\/p>\n<\/div>\n<\/div><\/div><\/div><\/div><\/div><div id=\"pgc-331-2-1\"  class=\"panel-grid-cell\" ><div class=\"panel-cell-style panel-cell-style-for-331-2-1\" ><div id=\"panel-331-2-1-0\" class=\"so-panel widget widget_sow-image panel-first-child panel-last-child\" data-index=\"5\" ><div class=\"wow fadeIn panel-widget-style panel-widget-style-for-331-2-1-0\" data-wow-duration=\"3s\" data-wow-delay=\"1s\" data-wow-offset=\"10\" data-wow-iteration=\"1\" ><div\n\t\t\t\n\t\t\tclass=\"so-widget-sow-image so-widget-sow-image-default-4b231843ec72-331\"\n\t\t\t\n\t\t>\n\n<div class=\"sow-image-container\">\n\t\t<img src=\"http:\/\/www.woodisgood.com.pl\/wp-content\/uploads\/2021\/11\/bang_9000_pic02.jpg\" width=\"1000\" height=\"1000\" srcset=\"http:\/\/www.woodisgood.com.pl\/wp-content\/uploads\/2021\/11\/bang_9000_pic02.jpg 1000w, http:\/\/www.woodisgood.com.pl\/wp-content\/uploads\/2021\/11\/bang_9000_pic02-300x300.jpg 300w, http:\/\/www.woodisgood.com.pl\/wp-content\/uploads\/2021\/11\/bang_9000_pic02-150x150.jpg 150w, http:\/\/www.woodisgood.com.pl\/wp-content\/uploads\/2021\/11\/bang_9000_pic02-768x768.jpg 768w\" sizes=\"(max-width: 1000px) 100vw, 1000px\" alt=\"\" loading=\"lazy\" \t\tclass=\"so-widget-image\"\/>\n\t<\/div>\n\n<\/div><\/div><\/div><\/div><\/div><\/div><\/div><div id=\"pg-331-3\"  class=\"panel-grid panel-has-style\" ><div class=\"siteorigin-panels-stretch panel-row-style-full-width panel-row-style panel-row-style-for-331-3\" style=\"background-color: #a0a0a0; \" data-stretch-type=\"full-stretched\" ><div id=\"pgc-331-3-0\"  class=\"panel-grid-cell\" ><div id=\"panel-331-3-0-0\" class=\"so-panel widget widget_sow-image panel-first-child panel-last-child\" data-index=\"6\" ><div class=\"wow fadeIn panel-widget-style panel-widget-style-for-331-3-0-0\" data-wow-duration=\"3s\" data-wow-delay=\"1s\" data-wow-offset=\"10\" data-wow-iteration=\"1\" ><div\n\t\t\t\n\t\t\tclass=\"so-widget-sow-image so-widget-sow-image-default-4b231843ec72-331\"\n\t\t\t\n\t\t>\n\n<div class=\"sow-image-container\">\n\t\t<img src=\"http:\/\/www.woodisgood.com.pl\/wp-content\/uploads\/2021\/11\/bang_9000_pic03.jpg\" width=\"1000\" height=\"1000\" srcset=\"http:\/\/www.woodisgood.com.pl\/wp-content\/uploads\/2021\/11\/bang_9000_pic03.jpg 1000w, http:\/\/www.woodisgood.com.pl\/wp-content\/uploads\/2021\/11\/bang_9000_pic03-300x300.jpg 300w, http:\/\/www.woodisgood.com.pl\/wp-content\/uploads\/2021\/11\/bang_9000_pic03-150x150.jpg 150w, http:\/\/www.woodisgood.com.pl\/wp-content\/uploads\/2021\/11\/bang_9000_pic03-768x768.jpg 768w\" sizes=\"(max-width: 1000px) 100vw, 1000px\" alt=\"\" loading=\"lazy\" \t\tclass=\"so-widget-image\"\/>\n\t<\/div>\n\n<\/div><\/div><\/div><\/div><div id=\"pgc-331-3-1\"  class=\"panel-grid-cell\" ><div class=\"panel-cell-style panel-cell-style-for-331-3-1\" ><div id=\"panel-331-3-1-0\" class=\"so-panel widget widget_sow-image panel-first-child panel-last-child\" data-index=\"7\" ><div class=\"wow fadeIn panel-widget-style panel-widget-style-for-331-3-1-0\" data-wow-duration=\"3s\" data-wow-delay=\"1s\" data-wow-offset=\"10\" data-wow-iteration=\"1\" ><div\n\t\t\t\n\t\t\tclass=\"so-widget-sow-image so-widget-sow-image-default-4b231843ec72-331\"\n\t\t\t\n\t\t>\n\n<div class=\"sow-image-container\">\n\t\t<img src=\"http:\/\/www.woodisgood.com.pl\/wp-content\/uploads\/2021\/12\/beo-9_wood_002_800px.jpg\" width=\"800\" height=\"800\" srcset=\"http:\/\/www.woodisgood.com.pl\/wp-content\/uploads\/2021\/12\/beo-9_wood_002_800px.jpg 800w, http:\/\/www.woodisgood.com.pl\/wp-content\/uploads\/2021\/12\/beo-9_wood_002_800px-300x300.jpg 300w, http:\/\/www.woodisgood.com.pl\/wp-content\/uploads\/2021\/12\/beo-9_wood_002_800px-150x150.jpg 150w, http:\/\/www.woodisgood.com.pl\/wp-content\/uploads\/2021\/12\/beo-9_wood_002_800px-768x768.jpg 768w, http:\/\/www.woodisgood.com.pl\/wp-content\/uploads\/2021\/12\/beo-9_wood_002_800px-12x12.jpg 12w\" sizes=\"(max-width: 800px) 100vw, 800px\" alt=\"\" loading=\"lazy\" \t\tclass=\"so-widget-image\"\/>\n\t<\/div>\n\n<\/div><\/div><\/div><\/div><\/div><div id=\"pgc-331-3-2\"  class=\"panel-grid-cell\" ><div class=\"panel-cell-style panel-cell-style-for-331-3-2\" ><div id=\"panel-331-3-2-0\" class=\"so-panel widget widget_sow-button panel-first-child panel-last-child\" data-index=\"8\" ><div class=\"wow fadeIn panel-widget-style panel-widget-style-for-331-3-2-0\" data-wow-duration=\"3s\" data-wow-delay=\"1s\" data-wow-offset=\"10\" data-wow-iteration=\"1\" ><div\n\t\t\t\n\t\t\tclass=\"so-widget-sow-button so-widget-sow-button-flat-d07a714c1915-331\"\n\t\t\t\n\t\t><div class=\"ow-button-base ow-button-align-center\">\n\t<a href=\"http:\/\/www.woodisgood.com.pl\/pl\/glowna\/\" class=\"ow-icon-placement-top ow-button-hover\" \t\t>\n\t\t<span>\n\t\t\t<span class=\"sow-icon-fontawesome sow-far\" data-sow-icon=\"&#xf359;\"\n\t\tstyle=\"color: #000000\" \n\t\taria-hidden=\"true\"><\/span>\n\t\t\tPowr\u00f3t\t\t<\/span>\n\t<\/a>\n<\/div>\n<\/div><\/div><\/div><\/div><\/div><\/div><\/div><\/div>","protected":false},"excerpt":{"rendered":"<p>Handmade cover made of oak wood. Fits the beosound 9000 player. The set comes with a fixed and opening cover. Possibility to choose colors from a palette or any color. The wood finish is available in smoked or natural oak. Other color and material combinations to match your decor are available on request. All of [&hellip;]<\/p>","protected":false},"author":1,"featured_media":0,"parent":0,"menu_order":0,"comment_status":"closed","ping_status":"closed","template":"","meta":[],"_links":{"self":[{"href":"http:\/\/www.woodisgood.com.pl\/pl\/wp-json\/wp\/v2\/pages\/331"}],"collection":[{"href":"http:\/\/www.woodisgood.com.pl\/pl\/wp-json\/wp\/v2\/pages"}],"about":[{"href":"http:\/\/www.woodisgood.com.pl\/pl\/wp-json\/wp\/v2\/types\/page"}],"author":[{"embeddable":true,"href":"http:\/\/www.woodisgood.com.pl\/pl\/wp-json\/wp\/v2\/users\/1"}],"replies":[{"embeddable":true,"href":"http:\/\/www.woodisgood.com.pl\/pl\/wp-json\/wp\/v2\/comments?post=331"}],"version-history":[{"count":14,"href":"http:\/\/www.woodisgood.com.pl\/pl\/wp-json\/wp\/v2\/pages\/331\/revisions"}],"predecessor-version":[{"id":442,"href":"http:\/\/www.woodisgood.com.pl\/pl\/wp-json\/wp\/v2\/pages\/331\/revisions\/442"}],"wp:attachment":[{"href":"http:\/\/www.woodisgood.com.pl\/pl\/wp-json\/wp\/v2\/media?parent=331"}],"curies":[{"name":"wp","href":"https:\/\/api.w.org\/{rel}","templated":true}]}}